{"id":1286,"date":"2023-06-18T03:55:12","date_gmt":"2023-06-18T03:55:12","guid":{"rendered":"https:\/\/anabelmuebles.com\/?page_id=1286"},"modified":"2025-10-10T16:14:39","modified_gmt":"2025-10-10T16:14:39","slug":"politica-proteccion-datos-web","status":"publish","type":"page","link":"https:\/\/anabelmuebles.com\/ca\/politica-proteccion-datos-web\/","title":{"rendered":"Pol\u00edtica protecci\u00f3n de datos web"},"content":{"rendered":"<div data-elementor-type=\"wp-page\" data-elementor-id=\"1286\" class=\"elementor elementor-1286\" data-elementor-post-type=\"page\">\n\t\t\t\t<div class=\"elementor-element elementor-element-20f2eba1 e-flex e-con-boxed e-con e-parent\" data-id=\"20f2eba1\" data-element_type=\"container\">\n\t\t\t\t\t<div class=\"e-con-inner\">\n\t\t\t\t<div class=\"elementor-element elementor-element-779ed2d1 elementor-widget elementor-widget-text-editor\" data-id=\"779ed2d1\" data-element_type=\"widget\" data-widget_type=\"text-editor.default\">\n\t\t\t\t<div class=\"elementor-widget-container\">\n\t\t\t\t\t\t\t\t\t\n<p>\u00a0<\/p>\n\n<div class=\"wp-block-kadence-column kadence-column_c78a55-54 inner-column-1\">\n<div class=\"kt-inside-inner-col\">\n<h1 class=\"kt-adv-heading_095f73-d7 wp-block-kadence-advancedheading\" data-kb-block=\"kb-adv-heading_095f73-d7\"><strong>Pol\u00edtica protecci\u00f3n de datos web<\/strong><\/h1>\n<\/div>\n<\/div>\n\n<div class=\"wp-block-kadence-spacer aligncenter kt-block-spacer-_c0b9a3-18\">\n<div class=\"kt-block-spacer kt-block-spacer-halign-center\"><hr class=\"kt-divider\" \/><\/div>\n<\/div>\n\n<div class=\"wp-block-kadence-column kadence-column_591eeb-22\">\n<div class=\"kt-inside-inner-col\">\n<figure class=\"wp-block-table\">\n<table>\n<tbody>\n<tr>\n<td>Fichero<\/td>\n<td>Sus datos de car\u00e1cter personal est\u00e1n inscritos en un fichero titularidad de MUEBLES ANABEL.<\/td>\n<\/tr>\n<tr>\n<td>Responsable<\/td>\n<td>ANA ISABEL HINAREJOS YUSTE<\/td>\n<\/tr>\n<tr>\n<td>Finalidad<\/td>\n<td>Responder a las solicitudes de contacto.<br \/>gesti\u00f3n de comentarios de nuestro blog.<br \/>Prestaci\u00f3n del servicio contractualmente acordado.<br \/>Correcta gesti\u00f3n administrativa y contable del servicio prestado.<br \/>Atenci\u00f3n de solicitudes por parte del usuario y mantenimiento de la relaci\u00f3n comercial.<\/td>\n<\/tr>\n<tr>\n<td>Legitimaci\u00f3n<\/td>\n<td>Base contractual o consentimiento legalmente otorgado del interesado.<\/td>\n<\/tr>\n<tr>\n<td>Destinatarios<\/td>\n<td>No se contemplan cesiones a terceros, aparte de las legalmente exigidas.<\/td>\n<\/tr>\n<tr>\n<td>Derechos<\/td>\n<td>Usted tiene derecho como titular de los datos a acceder, rectificar, oponerse, suprimir, portar y limitar tal y como se explica en la informaci\u00f3n adicional.<\/td>\n<\/tr>\n<\/tbody>\n<\/table>\n<\/figure>\n<\/div>\n<\/div>\n\n<div class=\"wp-block-kadence-column kadence-column_e704a4-ed\">\n<div class=\"kt-inside-inner-col\">\n<h2 class=\"kt-adv-heading_e47447-3d wp-block-kadence-advancedheading\" data-kb-block=\"kb-adv-heading_e47447-3d\"><strong>2.\u00a0<u>Informaci\u00f3n adicional de protecci\u00f3n de datos<\/u><\/strong><\/h2>\n\n<p>La presente Pol\u00edtica de Protecci\u00f3n de datos regula el tratamiento de datos personales facilitados por el usuario as trav\u00e9s del Portal de Internet que MUEBLES ANABEL pone a disposici\u00f3n de los usuarios de Internet. La presente pol\u00edtica forma parte del aviso legal accesible en todo momento desde el portal.<\/p>\n\n<p>El usuario garantiza que los datos aportados son verdaderos, exactos, completos y actualizados, siendo responsable de cualquier da\u00f1o o perjuicio, directo o indirecto, que pudiera ocasionarse como consecuencia del incumplimiento de tal obligaci\u00f3n. En el caso de que los datos aportados pertenecieran a un tercero, el usuario garantiza que ha informado a dicho tercero de los aspectos contenidos en este documento y obtenido su autorizaci\u00f3n para facilitar sus datos a MUEBLES ANABEL. para los fines se\u00f1alados.<\/p>\n\n<p>El Portal puede ofrecer funcionalidades para compartir contenidos a trav\u00e9s de aplicaciones de terceros, como Facebook o Twitter. Estas aplicaciones pueden recoger y tratar informaci\u00f3n relacionada con la navegaci\u00f3n del usuario en los diferentes sitios webs. Cualquier informaci\u00f3n personal que se recabada a trav\u00e9s de estas aplicaciones, puede ser utilizada por terceros usuarios de las mismas, y sus interacciones est\u00e1n sometidas a las pol\u00edticas de privacidad de las compa\u00f1\u00edas que facilitan las aplicaciones.<br \/>El Portal puede alojar blogs, foros, y otras aplicaciones o servicios de redes sociales con la finalidad de facilitar el intercambio de conocimiento y contenido. Cualquier informaci\u00f3n personal que se facilite por el usuario puede ser compartida con otros usuarios de ese servicio, sobre los cuales MUEBLES ANABEL no tiene control alguno.<\/p>\n\n<p>Con objeto de ofrecer informaci\u00f3n o servicios de inter\u00e9s en funci\u00f3n de la localizaci\u00f3n del Usuario, MUEBLES ANABEL podr\u00e1 acceder a datos relativos a la geolocalizaci\u00f3n del dispositivo del Usuario, en aquellos casos en que la configuraci\u00f3n del usuario al efecto as\u00ed lo permita. A efectos de seguridad t\u00e9cnica y diagn\u00f3stico de sistemas, de forma anonimizada o agregada, MUEBLES ANABEL podr\u00e1 registrar la direcci\u00f3n IP (n\u00famero de identificaci\u00f3n del acceso a Internet del dispositivo, que permite a los dispositivos, sistemas y servidores reconocerse y comunicarse entre s\u00ed). Dicha informaci\u00f3n podr\u00e1 ser tambi\u00e9n empleada con finalidades anal\u00edticas de rendimiento web.<\/p>\n<\/div>\n<\/div>\n\n<div class=\"wp-block-kadence-column kadence-column_ce21e0-f8\">\n<div class=\"kt-inside-inner-col\">\n<h2 class=\"kt-adv-heading_998512-78 wp-block-kadence-advancedheading\" data-kb-block=\"kb-adv-heading_998512-78\"><strong>3.\u00a0<u>\u00bfQui\u00e9n es el responsable del tratamiento de los datos personales del Usuario?<\/u><\/strong><\/h2>\n\n<ul class=\"wp-block-list\">\n<li>Identidad: ANA ISABEL HINAREJOS YUSTE 35094912V<\/li>\n\n<li>Direcci\u00f3n postal: Calle cercado N\u00ba 3 Ca\u00f1ete (Cuenca) 16300<\/li>\n\n<li>Tel\u00e9fono: 645401456<\/li>\n\n<li>Correo electr\u00f3nico: mueblesanabelyuste@gmail.com<\/li>\n<\/ul>\n<\/div>\n<\/div>\n\n<div class=\"wp-block-kadence-column kadence-column_13ce49-c3\">\n<div class=\"kt-inside-inner-col\">\n<h2 class=\"kt-adv-heading_933fb5-ac wp-block-kadence-advancedheading\" data-kb-block=\"kb-adv-heading_933fb5-ac\"><strong>4.\u00a0<u>\u00bfCon qu\u00e9 finalidad tratamos los datos personales del Usuario?<\/u><\/strong><\/h2>\n\n<p>MUEBLES ANABEL trata la informaci\u00f3n facilitada por el Usuario con el fin de atender las solicitudes de diversa \u00edndole llevadas a cabo por parte de este. En funci\u00f3n de la naturaleza de la solicitud, la finalidad perseguir\u00e1 la gesti\u00f3n de (i) consultas y solicitudes de propuestas, (RFP) remitidas a trav\u00e9s del formulario de contacto habilitado al efecto, (ii) curricula remitidos a trav\u00e9s del Portal, (iii) comunicaciones electr\u00f3nicas de naturaleza informativa, de acuerdo con sus intereses. MUEBLES ANABEL podr\u00e1 elaborar un perfil comercial, con base en la informaci\u00f3n facilitada. No se tomar\u00e1n decisiones automatizadas con base en dicho perfil.<\/p>\n\n<p>Los datos empleados, o facilitados, en las comunicaciones informativas y\/o promocionales son tratados por MUEBLES ANABEL para finalidades consistentes en el env\u00edo electr\u00f3nico de informaci\u00f3n y comunicaciones sobre servicios, actividades, publicaciones, celebraciones, felicitaciones y acontecimientos sociales y profesionales de MUEBLES ANABEL. El consentimiento para el env\u00edo de dichas comunicaciones podr\u00e1 ser revocado en todo momento en cada una de las comunicaciones recibidas mediante el mecanismo habilitado al efecto.<\/p>\n\n<p>El criterio de conservaci\u00f3n de los datos tendr\u00e1 base en la manifestaci\u00f3n contraria al tratamiento por su parte. En todo caso, podr\u00e1n ejercitarse los derechos de acceso, rectificaci\u00f3n, cancelaci\u00f3n y oposici\u00f3n mediante correo electr\u00f3nico a mueblesanabelyuste@gmail.com<\/p>\n<\/div>\n<\/div>\n\n<div class=\"wp-block-kadence-column kadence-column_b4ccaf-74\">\n<div class=\"kt-inside-inner-col\">\n<h2 class=\"kt-adv-heading_fb86aa-bd wp-block-kadence-advancedheading\" data-kb-block=\"kb-adv-heading_fb86aa-bd\"><strong>5.\u00a0<u>\u00bfPor cu\u00e1nto tiempo conservaremos los datos personales del Usuario?<\/u><\/strong><\/h2>\n\n<p>Con car\u00e1cter general, los datos personales proporcionados se conservar\u00e1n durante 10 a\u00f1os para dar cumplimiento a todas las obligaciones legalmente exigidas. En el caso concreto de curr\u00edculum los datos ser\u00e1n conservados por un periodo m\u00e1ximo de un a\u00f1o, salvo indicaci\u00f3n en contrario por parte del interesado.<\/p>\n<\/div>\n<\/div>\n\n<div class=\"wp-block-kadence-column kadence-column_488b09-8c\">\n<div class=\"kt-inside-inner-col\">\n<h2 class=\"kt-adv-heading_9639b1-0e wp-block-kadence-advancedheading\" data-kb-block=\"kb-adv-heading_9639b1-0e\"><strong>6.\u00a0<u>\u00bfCu\u00e1l es la legitimaci\u00f3n para el tratamiento de los datos personales del Usuario?<\/u><\/strong><\/h2>\n\n<p>La base legal para el tratamiento de los datos es la legitimaci\u00f3n por prestaci\u00f3n de servicio o consentimiento del Usuario.<\/p>\n<\/div>\n<\/div>\n\n<div class=\"wp-block-kadence-column kadence-column_072f89-8d\">\n<div class=\"kt-inside-inner-col\">\n<h2 class=\"kt-adv-heading_340101-27 wp-block-kadence-advancedheading\" data-kb-block=\"kb-adv-heading_340101-27\"><strong>7.\u00a0<u>\u00bfA qu\u00e9 destinatarios se comunicar\u00e1n los datos personales del Usuario?<\/u><\/strong><\/h2>\n\n<p>Los datos podr\u00e1n ser cedidos a administraciones y organismos p\u00fablicos para el cumplimiento de obligaciones directamente exigibles a MUEBLES ANABEL<\/p>\n<\/div>\n<\/div>\n\n<div class=\"wp-block-kadence-column kadence-column_4aaf77-9b\">\n<div class=\"kt-inside-inner-col\">\n<h2 class=\"kt-adv-heading_e67af3-93 wp-block-kadence-advancedheading\" data-kb-block=\"kb-adv-heading_e67af3-93\"><strong>8.\u00a0<u>\u00bfCu\u00e1les son los derechos del Usuario cuando nos facilita sus datos personales?<\/u><\/strong><\/h2>\n\n<p>El Usuario tiene derecho a obtener confirmaci\u00f3n sobre si MUEBLES ANABEL trata datos personales que le conciernen, as\u00ed como a acceder a sus datos personales, solicitar la rectificaci\u00f3n de los datos inexactos o, en su caso, solicitar su supresi\u00f3n cuando, entre otros motivos, los datos ya no sean necesarios para los fines que fueron recogidos.<\/p>\n\n<p>En determinadas circunstancias, el Usuario podr\u00e1 solicitar la limitaci\u00f3n del tratamiento de sus datos, en cuyo caso \u00fanicamente se conservar\u00e1n para el ejercicio o la defensa de reclamaciones.<\/p>\n\n<p>En determinadas circunstancias y por motivos relacionados con su situaci\u00f3n particular, el Usuario podr\u00e1 oponerse al tratamiento de sus datos. MUEBLES ANABEL cesar\u00e1 en el tratamiento de los datos, salvo por motivos leg\u00edtimos imperiosos, o el ejercicio o la defensa de posibles reclamaciones.<\/p>\n\n<p>El Usuario podr\u00e1 plantear las cuestiones que considere en relaci\u00f3n a la presente Pol\u00edtica as\u00ed como ejercer sus derechos en los t\u00e9rminos legalmente previstos debiendo para ello dirigir una comunicaci\u00f3n mediante correo postal a: MUEBLES ANABEL Calle cercado 3 (16300-Ca\u00f1ete) o correo electr\u00f3nico a: <a href=\"mailto:mueblesanabelyuste@gmail.com\">mueblesanabelyuste@gmail.com<\/a> con indicaci\u00f3n de la solicitud correspondiente y acompa\u00f1ado de copia del DNI o documento acreditativo de la identidad.<br \/><br \/><strong>TRATAMIENTO DE DATOS APLAZAME<\/strong><br \/>El usuario acepta que todos sus datos de car\u00e1cter personal sean \u00edntegramente cedidos a Aplazame desde el momento en que el usuario haya iniciado la contrataci\u00f3n del servicio de pago aplazado ofrecido por \u00e9sta \u00faltima en el momento de elegir la forma de pago. Esta aceptaci\u00f3n se extiende a terceras entidades que tuvieran que acceder a los ficheros para el buen fin del contrato.<\/p>\n<\/div>\n<\/div>\n\n<div class=\"wp-block-kadence-spacer aligncenter kt-block-spacer-_5a3d7b-78\">\n<div class=\"kt-block-spacer kt-block-spacer-halign-center\"><hr class=\"kt-divider\" \/><\/div>\n<\/div>\n\t\t\t\t\t\t\t\t<\/div>\n\t\t\t\t<\/div>\n\t\t\t\t\t<\/div>\n\t\t\t\t<\/div>\n\t\t\t\t<\/div>","protected":false},"excerpt":{"rendered":"","protected":false},"author":9,"featured_media":0,"parent":0,"menu_order":0,"comment_status":"closed","ping_status":"closed","template":"","meta":{"_acf_changed":false,"footnotes":""},"class_list":["post-1286","page","type-page","status-publish","hentry"],"acf":[],"_links":{"self":[{"href":"https:\/\/anabelmuebles.com\/ca\/wp-json\/wp\/v2\/pages\/1286","targetHints":{"allow":["GET"]}}],"collection":[{"href":"https:\/\/anabelmuebles.com\/ca\/wp-json\/wp\/v2\/pages"}],"about":[{"href":"https:\/\/anabelmuebles.com\/ca\/wp-json\/wp\/v2\/types\/page"}],"author":[{"embeddable":true,"href":"https:\/\/anabelmuebles.com\/ca\/wp-json\/wp\/v2\/users\/9"}],"replies":[{"embeddable":true,"href":"https:\/\/anabelmuebles.com\/ca\/wp-json\/wp\/v2\/comments?post=1286"}],"version-history":[{"count":0,"href":"https:\/\/anabelmuebles.com\/ca\/wp-json\/wp\/v2\/pages\/1286\/revisions"}],"wp:attachment":[{"href":"https:\/\/anabelmuebles.com\/ca\/wp-json\/wp\/v2\/media?parent=1286"}],"curies":[{"name":"wp","href":"https:\/\/api.w.org\/{rel}","templated":true}]}}