{"id":1267,"date":"2023-06-18T03:33:56","date_gmt":"2023-06-18T03:33:56","guid":{"rendered":"https:\/\/anabelmuebles.com\/?page_id=1267"},"modified":"2025-10-10T16:14:13","modified_gmt":"2025-10-10T16:14:13","slug":"politica-de-cancelacion","status":"publish","type":"page","link":"https:\/\/anabelmuebles.com\/ca\/politica-de-cancelacion\/","title":{"rendered":"Pol\u00edtica de cancelaci\u00f3n"},"content":{"rendered":"<div data-elementor-type=\"wp-page\" data-elementor-id=\"1267\" class=\"elementor elementor-1267\" data-elementor-post-type=\"page\">\n\t\t\t\t<div class=\"elementor-element elementor-element-150545d9 e-flex e-con-boxed e-con e-parent\" data-id=\"150545d9\" data-element_type=\"container\">\n\t\t\t\t\t<div class=\"e-con-inner\">\n\t\t\t\t<div class=\"elementor-element elementor-element-3461facd elementor-widget elementor-widget-text-editor\" data-id=\"3461facd\" data-element_type=\"widget\" data-widget_type=\"text-editor.default\">\n\t\t\t\t<div class=\"elementor-widget-container\">\n\t\t\t\t\t\t\t\t\t\n<p>\u00a0<\/p>\n\n<div class=\"wp-block-kadence-column kadence-column_6229fd-2e\">\n<div class=\"kt-inside-inner-col\">\n<h2 class=\"kt-adv-heading_b8f312-5f wp-block-kadence-advancedheading\" data-kb-block=\"kb-adv-heading_b8f312-5f\">A. Informaci\u00f3n sobre el derecho de desistimiento<\/h2>\n<\/div>\n<\/div>\n<div class=\"wp-block-kadence-column kadence-column_c88999-1b\">\n<div class=\"kt-inside-inner-col\">\n<p>El Usuario, en tanto que consumidor y usuario, que realice una compra en Anabel Muebles a trav\u00e9s de nuestro sitio web\u00a0<a href=\"http:\/\/anabelmuebles.com\/ca\/\" target=\"_blank\" rel=\"noopener\" data-saferedirecturl=\"https:\/\/www.google.com\/url?q=http:\/\/anabelmuebles.com&amp;source=gmail&amp;ust=1740064927210000&amp;usg=AOvVaw14PgvC39-4qgjpM-tU4FpB\">anabelmuebles.com<\/a>, tiene derecho a desistir de dicha compra en un plazo de 14 d\u00edas naturales sin necesidad de justificaci\u00f3n.<br \/><br \/>Este plazo de desistimiento expirar\u00e1 a los 14 d\u00edas naturales contados desde el d\u00eda en que el Usuario o un tercero autorizado por \u00e9l, distinto del transportista, adquiera la posesi\u00f3n material de los bienes comprados en nuestro sitio web. En caso de que el pedido incluya varios bienes entregados por separado, el plazo contar\u00e1 desde la fecha de recepci\u00f3n del \u00faltimo art\u00edculo del pedido.<br \/><br \/>Para ejercer su derecho de desistimiento, el Usuario deber\u00e1 comunicar su decisi\u00f3n a Anabel Muebles a trav\u00e9s de los medios de contacto disponibles en nuestra p\u00e1gina web. En caso de desistimiento, Anabel Muebles reembolsar\u00e1 al Usuario todos los pagos recibidos, incluyendo los gastos de env\u00edo, utilizando el mismo m\u00e9todo de pago empleado en la compra. Este reembolso no supondr\u00e1 ning\u00fan coste adicional para el Usuario.<\/p>\n<\/div>\n<\/div>\n\n<div class=\"wp-block-kadence-column kadence-column_2270dd-2c\">\n<div class=\"kt-inside-inner-col\">\n<p>\u00a0<\/p>\n<\/div>\n<\/div>\n\n<div class=\"wp-block-kadence-spacer aligncenter kt-block-spacer-_bbd81c-36\">\n<div class=\"kt-block-spacer kt-block-spacer-halign-center\"><hr class=\"kt-divider\" \/><\/div>\n<\/div>\n\t\t\t\t\t\t\t\t<\/div>\n\t\t\t\t<\/div>\n\t\t\t\t\t<\/div>\n\t\t\t\t<\/div>\n\t\t\t\t<\/div>","protected":false},"excerpt":{"rendered":"","protected":false},"author":9,"featured_media":0,"parent":0,"menu_order":0,"comment_status":"closed","ping_status":"closed","template":"","meta":{"_acf_changed":false,"footnotes":""},"class_list":["post-1267","page","type-page","status-publish","hentry"],"acf":[],"_links":{"self":[{"href":"https:\/\/anabelmuebles.com\/ca\/wp-json\/wp\/v2\/pages\/1267","targetHints":{"allow":["GET"]}}],"collection":[{"href":"https:\/\/anabelmuebles.com\/ca\/wp-json\/wp\/v2\/pages"}],"about":[{"href":"https:\/\/anabelmuebles.com\/ca\/wp-json\/wp\/v2\/types\/page"}],"author":[{"embeddable":true,"href":"https:\/\/anabelmuebles.com\/ca\/wp-json\/wp\/v2\/users\/9"}],"replies":[{"embeddable":true,"href":"https:\/\/anabelmuebles.com\/ca\/wp-json\/wp\/v2\/comments?post=1267"}],"version-history":[{"count":0,"href":"https:\/\/anabelmuebles.com\/ca\/wp-json\/wp\/v2\/pages\/1267\/revisions"}],"wp:attachment":[{"href":"https:\/\/anabelmuebles.com\/ca\/wp-json\/wp\/v2\/media?parent=1267"}],"curies":[{"name":"wp","href":"https:\/\/api.w.org\/{rel}","templated":true}]}}