{"id":1246,"date":"2023-06-18T01:26:58","date_gmt":"2023-06-18T01:26:58","guid":{"rendered":"https:\/\/anabelmuebles.com\/?page_id=1246"},"modified":"2025-10-10T16:13:23","modified_gmt":"2025-10-10T16:13:23","slug":"condiciones-de-envio","status":"publish","type":"page","link":"https:\/\/anabelmuebles.com\/ca\/condiciones-de-envio\/","title":{"rendered":"Condiciones de env\u00edo"},"content":{"rendered":"<div data-elementor-type=\"wp-page\" data-elementor-id=\"1246\" class=\"elementor elementor-1246\" data-elementor-post-type=\"page\">\n\t\t\t\t<div class=\"elementor-element elementor-element-2524ea9d e-flex e-con-boxed e-con e-parent\" data-id=\"2524ea9d\" data-element_type=\"container\">\n\t\t\t\t\t<div class=\"e-con-inner\">\n\t\t\t\t<div class=\"elementor-element elementor-element-14f64d2f elementor-widget elementor-widget-text-editor\" data-id=\"14f64d2f\" data-element_type=\"widget\" data-widget_type=\"text-editor.default\">\n\t\t\t\t<div class=\"elementor-widget-container\">\n\t\t\t\t\t\t\t\t\t\n\n<div class=\"wp-block-kadence-column kadence-column_69c35e-0b inner-column-1\"><div class=\"kt-inside-inner-col\">\n<h1 class=\"kt-adv-heading_216cb1-0f wp-block-kadence-advancedheading\" data-kb-block=\"kb-adv-heading_216cb1-0f\"><strong>Condiciones de env\u00edo<\/strong><\/h1>\n<\/div><\/div>\n\n\n\n\n<div class=\"wp-block-kadence-spacer aligncenter kt-block-spacer-_cbae4c-ea\"><div class=\"kt-block-spacer kt-block-spacer-halign-center\"><hr class=\"kt-divider\"\/><\/div><\/div>\n\n\n\n\n<div class=\"wp-block-kadence-column kadence-column_df987e-7a\"><div class=\"kt-inside-inner-col\">\n<p>Cuando realizas un pedido en Muebles Anabel, los gastos de env\u00edo se incluyen en el precio final de tu pedido, ya que el sistema calcula los costes de entrega dependiendo de la direcci\u00f3n de env\u00edo y los modifica autom\u00e1ticamente al a\u00f1adir productos o variar las cantidades.<\/p>\n\n\n\n<p>Una vez hemos verificado el pago, el art\u00edculo solicitados llegar\u00e1 en un plazo no superior a 10 d\u00edas h\u00e1biles dentro de la pen\u00ednsula. Si el art\u00edculo no est\u00e1 disponible y se ha realizado el pago, reembolsamos la cantidad a trav\u00e9s de transferencia bancaria y notificamos en el plazo natural de un d\u00eda. <\/p>\n\n\n\n<p>Podr\u00e1s ver todos los gastos desglosados en tu carrito de la compra antes de confirmar el pedido: los productos elegidos, el coste de env\u00edo y las posibles comisiones e impuestos. Es muy importante que antes de hacer clic en el bot\u00f3n \u201cRealizar mi pedido\u201d compruebes que todo el contenido del carrito sea correcto (productos, cantidad, acabados, etc.).<\/p>\n\n\n\n<p>ENTREGA ESPECIALIZADA DE COLCHONES Y CANAP\u00c9S CON SUBIDA A DOMICILIO, PREVIA CONSULTA (+19,95\u20ac)<\/p>\n\n\n\n<p>La empresa de transporte realizar\u00e1 la entrega de la mercanc\u00eda por los medios habituales en el habit\u00e1culo que usted indique.<\/p>\n\n\n\n<p>Especiales circunstancias de la vivienda:&nbsp;Muebles Anabel tiene a la venta productos voluminosos que pueden tener un dif\u00edcil acceso a su finca o a su propio domicilio. La empresa de transporte no realizar\u00e1 entregas en altura, es decir, por fachadas del edificio ni por patios interiores, ni utilizar\u00e1n ning\u00fan sistema de poleas para introducir el pedido en el edificio ni en la propia vivienda. Es responsabilidad del cliente comprobar que los art\u00edculos podr\u00e1n acceder hasta el domicilio y\/o habit\u00e1culo. Si el pedido no se pudiese entregar por especiales circunstancias de su vivienda, podr\u00e1n solicitar la anulaci\u00f3n del pedido, no obstante, los gastos de transporte de la devoluci\u00f3n o la entrega mediante gr\u00faa o elevador (bajo disponibilidad y presupuesto dependiendo de la zona) correr\u00e1n por cuenta del cliente.<br><br>IMPORTANTE:&nbsp;El servicio est\u00e1ndar puerta a puerta no incluye la subida al domicilio, tanto en la entrega como en la recogida, de esto deber\u00e1 hacerse cargo el cliente. Cabe la posibilidad que el repartidor de manera voluntaria ayude en la subida de la mercanc\u00eda (siendo esto totalmente voluntario por el repartidor y la empresa de transporte y ajeno a Muebles Anabel).<br>El montaje tampoco se encuentra incluido, si no es especificado previamente y ha sido incluido en el precio final.<\/p>\n<\/div><\/div>\n\n\n\n\n\n<div class=\"wp-block-kadence-column kadence-column_41c0f0-ea\"><div class=\"kt-inside-inner-col\">\n<h2 class=\"kt-adv-heading_2637f7-1e wp-block-kadence-advancedheading\" data-kb-block=\"kb-adv-heading_2637f7-1e\"><strong><u>Direcci\u00f3n de entrega<\/u><\/strong><\/h2>\n\n\n\n<p>Desde Muebles Anabel no realiza env\u00edos fuera de la pen\u00ednsula.<\/p>\n\n\n\n<p>Para empresas que desempe\u00f1en su actividad comercial en otros pa\u00edses de la Uni\u00f3n Europea y que dispongan de un n\u00famero de operador intracomunitario, los precios de la factura est\u00e1n exentos de IVA. Esto es v\u00e1lido tambi\u00e9n para empresas con sede en Espa\u00f1a pero que operan a nivel comunitario.<\/p>\n<\/div><\/div>\n\n\n\n\n\n<div class=\"wp-block-kadence-column kadence-column_0c643a-f7\"><div class=\"kt-inside-inner-col\">\n<h2 class=\"kt-adv-heading_3a13fa-77 wp-block-kadence-advancedheading\" data-kb-block=\"kb-adv-heading_3a13fa-77\"><strong><u>C\u00e1lculo del precio del env\u00edo en funci\u00f3n del importe del pedido<\/u><\/strong><\/h2>\n\n\n\n<p>Los gastos de env\u00edo se calculan en funci\u00f3n del importe del env\u00edo*.<\/p>\n\n\n\n<p>Aqu\u00ed encontrar\u00e1 la tabla de precios:<\/p>\n\n\n\n<p>Las compras superiores a 200\u20ac tienen el env\u00edo incluido dentro de la pen\u00ednsula.<\/p>\n\n\n\n<p>Compras inferiores a 200\u20ac y superiores a 100\u20ac incluir\u00e1n 19,95\u20ac en gastos de env\u00edo.<\/p>\n\n\n\n<p>Compras inferiores a 100\u20ac incluyen 9,95\u20ac en gastos de env\u00edo.<\/p>\n\n\n\n<p>En Muebles Anabel tenemos un amplio stock de la mayor\u00eda de productos para garantizarte un plazo de entrega de 10 d\u00edas h\u00e1biles en Espa\u00f1a, a partir de la expedici\u00f3n (siempre y cuando&nbsp;todos los productos del pedido est\u00e9n en stock, podr\u00e1s consultar estos plazos durante el proceso de compra)&nbsp;salvo para pedidos paletizados (pedidos&nbsp;voluminosos), en los que la entrega puede realizarse en&nbsp;8\/15 d\u00edas laborables. Para las Islas Baleares, depende de la salida del barco cada viernes.<\/p>\n\n\n\n<p>Para que est\u00e9s totalmente tranquilo, todos los env\u00edos que realizamos desde Muebles Anabel cuentan con un&nbsp;seguro a todo riesgo&nbsp;que protege tu pedido hasta 24 horas despu\u00e9s de la entrega. Con este seguro, garantizamos la reposici\u00f3n o indemnizaci\u00f3n correspondiente seg\u00fan el caso, por aquellos&nbsp;da\u00f1os derivados del transporte. Para poder aplicar las garant\u00edas que cubre el seguro,&nbsp;es muy importante que indiques siempre estos da\u00f1os en el albar\u00e1n de entrega.<\/p>\n<\/div><\/div>\n\n\n\n\n<div class=\"wp-block-kadence-spacer aligncenter kt-block-spacer-_4f364e-7d\"><div class=\"kt-block-spacer kt-block-spacer-halign-center\"><hr class=\"kt-divider\"\/><\/div><\/div>\n\t\t\t\t\t\t\t\t<\/div>\n\t\t\t\t<\/div>\n\t\t\t\t\t<\/div>\n\t\t\t\t<\/div>\n\t\t\t\t<\/div>","protected":false},"excerpt":{"rendered":"","protected":false},"author":9,"featured_media":0,"parent":0,"menu_order":0,"comment_status":"closed","ping_status":"closed","template":"","meta":{"_acf_changed":false,"footnotes":""},"class_list":["post-1246","page","type-page","status-publish","hentry"],"acf":[],"_links":{"self":[{"href":"https:\/\/anabelmuebles.com\/ca\/wp-json\/wp\/v2\/pages\/1246","targetHints":{"allow":["GET"]}}],"collection":[{"href":"https:\/\/anabelmuebles.com\/ca\/wp-json\/wp\/v2\/pages"}],"about":[{"href":"https:\/\/anabelmuebles.com\/ca\/wp-json\/wp\/v2\/types\/page"}],"author":[{"embeddable":true,"href":"https:\/\/anabelmuebles.com\/ca\/wp-json\/wp\/v2\/users\/9"}],"replies":[{"embeddable":true,"href":"https:\/\/anabelmuebles.com\/ca\/wp-json\/wp\/v2\/comments?post=1246"}],"version-history":[{"count":0,"href":"https:\/\/anabelmuebles.com\/ca\/wp-json\/wp\/v2\/pages\/1246\/revisions"}],"wp:attachment":[{"href":"https:\/\/anabelmuebles.com\/ca\/wp-json\/wp\/v2\/media?parent=1246"}],"curies":[{"name":"wp","href":"https:\/\/api.w.org\/{rel}","templated":true}]}}