{"id":1202,"date":"2023-06-18T00:09:51","date_gmt":"2023-06-18T00:09:51","guid":{"rendered":"https:\/\/anabelmuebles.com\/?page_id=1202"},"modified":"2025-10-10T16:12:18","modified_gmt":"2025-10-10T16:12:18","slug":"politica-de-devoluciones-y-cambios","status":"publish","type":"page","link":"https:\/\/anabelmuebles.com\/ca\/politica-de-devoluciones-y-cambios\/","title":{"rendered":"Pol\u00edtica de devoluciones y cambios"},"content":{"rendered":"\t\t<div data-elementor-type=\"wp-page\" data-elementor-id=\"1202\" class=\"elementor elementor-1202\" data-elementor-post-type=\"page\">\n\t\t\t\t<div class=\"elementor-element elementor-element-6dbe93c6 e-flex e-con-boxed e-con e-parent\" data-id=\"6dbe93c6\" data-element_type=\"container\">\n\t\t\t\t\t<div class=\"e-con-inner\">\n\t\t\t\t<div class=\"elementor-element elementor-element-51bedd09 elementor-widget elementor-widget-text-editor\" data-id=\"51bedd09\" data-element_type=\"widget\" data-widget_type=\"text-editor.default\">\n\t\t\t\t<div class=\"elementor-widget-container\">\n\t\t\t\t\t\t\t\t\t<div class=\"wp-block-kadence-column kadence-column_4829b7-8d\">\n<div class=\"kt-inside-inner-col\">\n<p><\/p>\n<h2 class=\"kt-adv-heading_d24116-a7 wp-block-kadence-advancedheading\" data-kb-block=\"kb-adv-heading_d24116-a7\">Pol\u00edtica de devoluciones y cambio\u00a0<\/h2>\n<\/div>\n<\/div>\n<div class=\"wp-block-kadence-column kadence-column_8a8f4e-d8\">\n<div class=\"kt-inside-inner-col\">\n<p><\/p>\n<h4 class=\"kt-adv-heading_d24116-a7 wp-block-kadence-advancedheading\" data-kb-block=\"kb-adv-heading_d24116-a7\">Derecho de desistiemiento<\/h4>\n<h4><br \/>El Usuario, en tanto que consumidor y usuario, que realice una compra en Anabel Muebles a trav\u00e9s de nuestro sitio web\u00a0<a href=\"http:\/\/anabelmuebles.com\/\" target=\"_blank\" rel=\"noopener\" data-saferedirecturl=\"https:\/\/www.google.com\/url?q=http:\/\/anabelmuebles.com&amp;source=gmail&amp;ust=1740064927210000&amp;usg=AOvVaw14PgvC39-4qgjpM-tU4FpB\">anabelmuebles.com<\/a>, tiene derecho a desistir de dicha compra en un plazo de 14 d\u00edas naturales sin necesidad de justificaci\u00f3n.<br \/><br \/>Este plazo de desistimiento expirar\u00e1 a los 14 d\u00edas naturales contados desde el d\u00eda en que el Usuario o un tercero autorizado por \u00e9l, distinto del transportista, adquiera la posesi\u00f3n material de los bienes comprados en nuestro sitio web. En caso de que el pedido incluya varios bienes entregados por separado, el plazo contar\u00e1 desde la fecha de recepci\u00f3n del \u00faltimo art\u00edculo del pedido.<br \/><br \/>Para ejercer su derecho de desistimiento, el Usuario deber\u00e1 comunicar su decisi\u00f3n a Anabel Muebles a trav\u00e9s de los medios de contacto disponibles en nuestra p\u00e1gina web. En caso de desistimiento, Anabel Muebles reembolsar\u00e1 al Usuario todos los pagos recibidos, incluyendo los gastos de env\u00edo, utilizando el mismo m\u00e9todo de pago empleado en la compra. Este reembolso no supondr\u00e1 ning\u00fan coste adicional para el Usuario.<br \/><br \/>Condiciones de la devoluci\u00f3n:<br \/><br \/>El reembolso podr\u00e1 retenerse hasta recibir los productos devueltos o hasta que el Usuario presente una prueba de la devoluci\u00f3n, seg\u00fan qu\u00e9 condici\u00f3n se cumpla primero.<br \/>El Usuario deber\u00e1 devolver los productos sin demora indebida y, en cualquier caso, antes de 14 d\u00edas naturales desde la fecha en que haya comunicado su decisi\u00f3n de desistir.<br \/>Los costes de devoluci\u00f3n correr\u00e1n a cargo del Usuario, salvo que se indique lo contrario.<br \/>El Usuario ser\u00e1 responsable de la disminuci\u00f3n de valor de los productos debido a una manipulaci\u00f3n distinta a la necesaria para comprobar su naturaleza, caracter\u00edsticas y funcionamiento.<br \/>Excepciones al derecho de desistimiento<br \/>El Usuario reconoce que existen excepciones al derecho de desistimiento, conforme al Art\u00edculo 103 del Real Decreto Legislativo 1\/2007, de 16 de noviembre, de la Ley General para la Defensa de los Consumidores y Usuarios. Entre estas excepciones se incluyen, de forma enunciativa pero no limitativa:<br \/><br \/>Productos personalizados o hechos a medida.<br \/>Productos susceptibles de deterioro o caducidad r\u00e1pida.<br \/>Art\u00edculos precintados por razones de higiene o salud que hayan sido desprecintados tras la entrega.<br \/>En cuanto a servicios ofrecidos por Anabel Muebles, el Usuario acepta que el derecho de desistimiento no aplicar\u00e1 cuando la prestaci\u00f3n del servicio haya sido completamente ejecutada, o cuando haya comenzado con el consentimiento expreso del Usuario y con el reconocimiento de que perder\u00e1 su derecho de desistimiento una vez ejecutado el contrato.<br \/><br \/>Para m\u00e1s informaci\u00f3n o para gestionar su solicitud de desistimiento, puede contactarnos a trav\u00e9s de nuestro sitio web o visitarnos en nuestra tienda f\u00edsica en:<br \/>Calle Cercado 3, Ca\u00f1ete, Cuenca, 16300<br \/><a href=\"http:\/\/anabelmuebles.com\/\" target=\"_blank\" rel=\"noopener\" data-saferedirecturl=\"https:\/\/www.google.com\/url?q=http:\/\/anabelmuebles.com&amp;source=gmail&amp;ust=1740064927210000&amp;usg=AOvVaw14PgvC39-4qgjpM-tU4FpB\">anabelmuebles.com<\/a><br \/>\u00a035094912V<\/h4>\n<p><\/p>\n<\/div>\n<\/div>\n<p><!-- \/wp:kadence\/column --><!-- \/wp:kadence\/rowlayout --><!-- wp:kadence\/rowlayout {\"uniqueID\":\"_421994-92\",\"columns\":1,\"colLayout\":\"equal\",\"kbVersion\":2} --><!-- wp:kadence\/column {\"borderWidth\":[\"\",\"\",\"\",\"\"],\"uniqueID\":\"_f55e59-45\"} --><\/p>\n<div class=\"wp-block-kadence-column kadence-column_f55e59-45\">\n<div class=\"kt-inside-inner-col\">\n<p><!-- wp:kadence\/advancedheading {\"uniqueID\":\"_d68880-8a\",\"markBorder\":\"\",\"markBorderStyles\":[{\"top\":[null,\"\",\"\"],\"right\":[null,\"\",\"\"],\"bottom\":[null,\"\",\"\"],\"left\":[null,\"\",\"\"],\"unit\":\"px\"}],\"tabletMarkBorderStyles\":[{\"top\":[null,\"\",\"\"],\"right\":[null,\"\",\"\"],\"bottom\":[null,\"\",\"\"],\"left\":[null,\"\",\"\"],\"unit\":\"px\"}],\"mobileMarkBorderStyles\":[{\"top\":[null,\"\",\"\"],\"right\":[null,\"\",\"\"],\"bottom\":[null,\"\",\"\"],\"left\":[null,\"\",\"\"],\"unit\":\"px\"}]} --><\/p>\n<h2 class=\"kt-adv-heading_d68880-8a wp-block-kadence-advancedheading\" data-kb-block=\"kb-adv-heading_d68880-8a\"><strong><u>\u00bfAd\u00f3nde hay que enviar la devoluci\u00f3n?<\/u><\/strong><\/h2>\n<p><!-- \/wp:kadence\/advancedheading --><!-- wp:paragraph --><\/p>\n<p><!-- \/wp:paragraph --><!-- wp:paragraph --><\/p>\n<h4>Los productos deber\u00e1n ser enviados a:<\/h4>\n<h4><!-- \/wp:paragraph --><!-- wp:paragraph --><\/h4>\n<h4><em>ALMACEN Muebles Anabel Ca\u00f1ete.<\/em><\/h4>\n<h4><!-- \/wp:paragraph --><!-- wp:paragraph --><\/h4>\n<h4><em>Calle cercado N\u00ba3 Ca\u00f1ete Cuenca<\/em> <em>CP:16300,<\/em><\/h4>\n<p><!-- \/wp:paragraph --><!-- wp:paragraph --><\/p>\n<h4><em>TELEFONO DE ALMACEN: 645401456<\/em><\/h4>\n<p><!-- \/wp:paragraph --><\/p>\n<\/div>\n<\/div>\n<p><!-- \/wp:kadence\/column --><!-- \/wp:kadence\/rowlayout --><!-- wp:kadence\/rowlayout {\"uniqueID\":\"_9c47f5-3a\",\"columns\":1,\"colLayout\":\"equal\",\"kbVersion\":2} --><!-- wp:kadence\/column {\"borderWidth\":[\"\",\"\",\"\",\"\"],\"uniqueID\":\"_9a4c44-79\"} --><\/p>\n<div class=\"wp-block-kadence-column kadence-column_9a4c44-79\">\n<div class=\"kt-inside-inner-col\">\n<p><!-- wp:kadence\/advancedheading {\"uniqueID\":\"_a3a675-e5\",\"markBorder\":\"\",\"markBorderStyles\":[{\"top\":[null,\"\",\"\"],\"right\":[null,\"\",\"\"],\"bottom\":[null,\"\",\"\"],\"left\":[null,\"\",\"\"],\"unit\":\"px\"}],\"tabletMarkBorderStyles\":[{\"top\":[null,\"\",\"\"],\"right\":[null,\"\",\"\"],\"bottom\":[null,\"\",\"\"],\"left\":[null,\"\",\"\"],\"unit\":\"px\"}],\"mobileMarkBorderStyles\":[{\"top\":[null,\"\",\"\"],\"right\":[null,\"\",\"\"],\"bottom\":[null,\"\",\"\"],\"left\":[null,\"\",\"\"],\"unit\":\"px\"}]} --><\/p>\n<h2 class=\"kt-adv-heading_a3a675-e5 wp-block-kadence-advancedheading\" data-kb-block=\"kb-adv-heading_a3a675-e5\"><strong><u>Fuera de plazo<\/u><\/strong><\/h2>\n<p><!-- \/wp:kadence\/advancedheading --><!-- wp:paragraph --><\/p>\n<h4>No aceptaremos devoluciones notificadas o recibidas fuera del plazo anteriormente descrito.<\/h4>\n<p><!-- \/wp:paragraph --><\/p>\n<\/div>\n<\/div>\n<p><!-- \/wp:kadence\/column --><!-- \/wp:kadence\/rowlayout --><!-- wp:kadence\/spacer {\"uniqueID\":\"_9a6553-2e\"} --><\/p>\n<div class=\"wp-block-kadence-spacer aligncenter kt-block-spacer-_9a6553-2e\">\n<div class=\"kt-block-spacer kt-block-spacer-halign-center\"><hr class=\"kt-divider\" \/><\/div>\n<\/div>\n<p><!-- \/wp:kadence\/spacer --><\/p>\t\t\t\t\t\t\t\t<\/div>\n\t\t\t\t<\/div>\n\t\t\t\t\t<\/div>\n\t\t\t\t<\/div>\n\t\t\t\t<\/div>\n\t\t","protected":false},"excerpt":{"rendered":"<p>Derecho de desistiemiento El Usuario, en tanto que consumidor y usuario, que realice una compra en Anabel Muebles a trav\u00e9s de nuestro sitio web\u00a0anabelmuebles.com, tiene derecho a desistir de dicha compra en un plazo de 14 d\u00edas naturales sin necesidad de justificaci\u00f3n. Este plazo de desistimiento expirar\u00e1 a los 14 d\u00edas naturales contados desde el [&hellip;]<\/p>\n","protected":false},"author":9,"featured_media":0,"parent":0,"menu_order":0,"comment_status":"closed","ping_status":"closed","template":"","meta":{"_acf_changed":false,"footnotes":""},"class_list":["post-1202","page","type-page","status-publish","hentry"],"acf":[],"_links":{"self":[{"href":"https:\/\/anabelmuebles.com\/ca\/wp-json\/wp\/v2\/pages\/1202","targetHints":{"allow":["GET"]}}],"collection":[{"href":"https:\/\/anabelmuebles.com\/ca\/wp-json\/wp\/v2\/pages"}],"about":[{"href":"https:\/\/anabelmuebles.com\/ca\/wp-json\/wp\/v2\/types\/page"}],"author":[{"embeddable":true,"href":"https:\/\/anabelmuebles.com\/ca\/wp-json\/wp\/v2\/users\/9"}],"replies":[{"embeddable":true,"href":"https:\/\/anabelmuebles.com\/ca\/wp-json\/wp\/v2\/comments?post=1202"}],"version-history":[{"count":0,"href":"https:\/\/anabelmuebles.com\/ca\/wp-json\/wp\/v2\/pages\/1202\/revisions"}],"wp:attachment":[{"href":"https:\/\/anabelmuebles.com\/ca\/wp-json\/wp\/v2\/media?parent=1202"}],"curies":[{"name":"wp","href":"https:\/\/api.w.org\/{rel}","templated":true}]}}