{"id":11591,"date":"2024-11-01T17:47:31","date_gmt":"2024-11-01T17:47:31","guid":{"rendered":"https:\/\/anabelmuebles.com\/?page_id=11591"},"modified":"2025-01-30T16:24:17","modified_gmt":"2025-01-30T16:24:17","slug":"comprar-sofa-chaiselongue-en-teruel","status":"publish","type":"page","link":"https:\/\/anabelmuebles.com\/ca\/comprar-sofa-chaiselongue-en-teruel\/","title":{"rendered":"Comprar sof\u00e1 chaiselongue en Teruel"},"content":{"rendered":"<div data-elementor-type=\"wp-page\" data-elementor-id=\"11591\" class=\"elementor elementor-11591\" data-elementor-post-type=\"page\">\n\t\t\t\t\t\t<section class=\"elementor-section elementor-top-section elementor-element elementor-element-a18e926 elementor-section-boxed elementor-section-height-default elementor-section-height-default\" data-id=\"a18e926\" data-element_type=\"section\" data-settings=\"{&quot;background_background&quot;:&quot;classic&quot;}\">\n\t\t\t\t\t\t\t<div class=\"elementor-background-overlay\"><\/div>\n\t\t\t\t\t\t\t<div class=\"elementor-container elementor-column-gap-default\">\n\t\t\t\t\t<div class=\"elementor-column elementor-col-50 elementor-top-column elementor-element elementor-element-2274e5d6\" data-id=\"2274e5d6\" data-element_type=\"column\" data-settings=\"{&quot;background_background&quot;:&quot;classic&quot;}\">\n\t\t\t<div class=\"elementor-widget-wrap elementor-element-populated\">\n\t\t\t\t\t\t<div class=\"elementor-element elementor-element-c1549f2 elementor-absolute elementor-invisible elementor-widget elementor-widget-heading\" data-id=\"c1549f2\" data-element_type=\"widget\" data-settings=\"{&quot;_position&quot;:&quot;absolute&quot;,&quot;_animation&quot;:&quot;fadeInUp&quot;}\" data-widget_type=\"heading.default\">\n\t\t\t\t<div class=\"elementor-widget-container\">\n\t\t\t\t\t<div class=\"elementor-heading-title elementor-size-default\">TERUEL<\/div>\t\t\t\t<\/div>\n\t\t\t\t<\/div>\n\t\t\t\t<section class=\"elementor-section elementor-inner-section elementor-element elementor-element-4f316251 elementor-section-boxed elementor-section-height-default elementor-section-height-default\" data-id=\"4f316251\" data-element_type=\"section\">\n\t\t\t\t\t\t<div class=\"elementor-container elementor-column-gap-default\">\n\t\t\t\t\t<div class=\"elementor-column elementor-col-100 elementor-inner-column elementor-element elementor-element-46c0333\" data-id=\"46c0333\" data-element_type=\"column\">\n\t\t\t<div class=\"elementor-widget-wrap elementor-element-populated\">\n\t\t\t\t\t\t<div class=\"elementor-element elementor-element-49cebccc elementor-invisible elementor-widget elementor-widget-heading\" data-id=\"49cebccc\" data-element_type=\"widget\" data-settings=\"{&quot;_animation&quot;:&quot;fadeInLeft&quot;}\" data-widget_type=\"heading.default\">\n\t\t\t\t<div class=\"elementor-widget-container\">\n\t\t\t\t\t<h1 class=\"elementor-heading-title elementor-size-default\">Comprar sof\u00e1 chaiselongue en Teruel<\/h1>\t\t\t\t<\/div>\n\t\t\t\t<\/div>\n\t\t\t\t<div class=\"elementor-element elementor-element-1c901ff1 elementor-invisible elementor-widget elementor-widget-heading\" data-id=\"1c901ff1\" data-element_type=\"widget\" data-settings=\"{&quot;_animation&quot;:&quot;fadeInRight&quot;}\" data-widget_type=\"heading.default\">\n\t\t\t\t<div class=\"elementor-widget-container\">\n\t\t\t\t\t<h2 class=\"elementor-heading-title elementor-size-default\">Al comprar sof\u00e1 chaiselongue en Teruel en nuestra tienda, te garantizamos comodidad y bienestar a tu medida<\/h2>\t\t\t\t<\/div>\n\t\t\t\t<\/div>\n\t\t\t\t\t<\/div>\n\t\t<\/div>\n\t\t\t\t\t<\/div>\n\t\t<\/section>\n\t\t\t\t\t<\/div>\n\t\t<\/div>\n\t\t\t\t<div class=\"elementor-column elementor-col-50 elementor-top-column elementor-element elementor-element-c7501c2\" data-id=\"c7501c2\" data-element_type=\"column\" data-settings=\"{&quot;background_background&quot;:&quot;classic&quot;}\">\n\t\t\t<div class=\"elementor-widget-wrap elementor-element-populated\">\n\t\t\t\t\t\t<div class=\"elementor-element elementor-element-d177b25 elementor-widget__width-initial elementor-widget elementor-widget-video\" data-id=\"d177b25\" data-element_type=\"widget\" data-settings=\"{&quot;video_type&quot;:&quot;hosted&quot;,&quot;controls&quot;:&quot;yes&quot;}\" data-widget_type=\"video.default\">\n\t\t\t\t<div class=\"elementor-widget-container\">\n\t\t\t\t\t\t\t<div class=\"e-hosted-video elementor-wrapper elementor-open-inline\">\n\t\t\t\t\t<video class=\"elementor-video\" src=\"https:\/\/anabelmuebles.com\/wp-content\/uploads\/2024\/10\/Sofa-Chaise-Logue.mp4\" controls=\"\" preload=\"metadata\" controlslist=\"nodownload\"><\/video>\n\t\t\t\t<\/div>\n\t\t\t\t\t\t<\/div>\n\t\t\t\t<\/div>\n\t\t\t\t\t<\/div>\n\t\t<\/div>\n\t\t\t\t\t<\/div>\n\t\t<\/section>\n\t\t<div class=\"elementor-element elementor-element-6d658ed e-flex e-con-boxed e-con e-parent\" data-id=\"6d658ed\" data-element_type=\"container\">\n\t\t\t\t\t<div class=\"e-con-inner\">\n\t\t\t\t<div class=\"elementor-element elementor-element-284397e elementor-widget elementor-widget-heading\" data-id=\"284397e\" data-element_type=\"widget\" data-widget_type=\"heading.default\">\n\t\t\t\t<div class=\"elementor-widget-container\">\n\t\t\t\t\t<h2 class=\"elementor-heading-title elementor-size-default\">Comprar sof\u00e1 chaiselongue en Teruel: elige el material de tu preferencia<\/h2>\t\t\t\t<\/div>\n\t\t\t\t<\/div>\n\t\t\t\t\t<\/div>\n\t\t\t\t<\/div>\n\t\t<div class=\"elementor-element elementor-element-0536b83 e-flex e-con-boxed e-con e-parent\" data-id=\"0536b83\" data-element_type=\"container\">\n\t\t\t\t\t<div class=\"e-con-inner\">\n\t\t<div class=\"elementor-element elementor-element-9ef90f7 e-con-full e-flex e-con e-child\" data-id=\"9ef90f7\" data-element_type=\"container\">\n\t\t\t\t<div class=\"elementor-element elementor-element-da6ed16 elementor-widget__width-initial elementor-widget elementor-widget-heading\" data-id=\"da6ed16\" data-element_type=\"widget\" data-widget_type=\"heading.default\">\n\t\t\t\t<div class=\"elementor-widget-container\">\n\t\t\t\t\t<h2 class=\"elementor-heading-title elementor-size-default\">Te acompa\u00f1amos en cada paso al comprar sof\u00e1 chaiselongue en Teruel<\/h2>\t\t\t\t<\/div>\n\t\t\t\t<\/div>\n\t\t\t\t<div class=\"elementor-element elementor-element-f87d718 elementor-widget elementor-widget-text-editor\" data-id=\"f87d718\" data-element_type=\"widget\" data-widget_type=\"text-editor.default\">\n\t\t\t\t<div class=\"elementor-widget-container\">\n\t\t\t\t\t\t\t\t\t<p><span style=\"background-color: transparent;\"><span style=\"font-family: var( --e-global-typography-b2ce6af-font-family ), Sans-serif;\">Te ofrecemos asesoramiento gratis para ayudarte a elegir el sof\u00e1 chaiselongue perfecto. Con a\u00f1os de experiencia en el sector, te acompa\u00f1amos en cada paso del proceso, desde el estilo hasta el tama\u00f1o ideal para tu espacio. Cont\u00e1ctanos a trav\u00e9s de nuestro correo de soporte o Whatsapp, y juntos encontraremos el chaiselongue perfecto para ti.<\/span><\/span><\/p>\t\t\t\t\t\t\t\t<\/div>\n\t\t\t\t<\/div>\n\t\t\t\t<div class=\"elementor-element elementor-element-f9d95c2 elementor-widget elementor-widget-button\" data-id=\"f9d95c2\" data-element_type=\"widget\" data-widget_type=\"button.default\">\n\t\t\t\t<div class=\"elementor-widget-container\">\n\t\t\t\t\t\t\t\t\t<div class=\"elementor-button-wrapper\">\n\t\t\t\t\t<a class=\"elementor-button elementor-button-link elementor-size-sm\" href=\"https:\/\/wa.link\/zjwwy4\" target=\"_blank\" rel=\"noopener\">\n\t\t\t\t\t\t<span class=\"elementor-button-content-wrapper\">\n\t\t\t\t\t\t\t\t\t<span class=\"elementor-button-text\">Assessorament <\/span>\n\t\t\t\t\t<\/span>\n\t\t\t\t\t<\/a>\n\t\t\t\t<\/div>\n\t\t\t\t\t\t\t\t<\/div>\n\t\t\t\t<\/div>\n\t\t\t\t<\/div>\n\t\t<div class=\"elementor-element elementor-element-01b2882 e-con-full e-flex e-con e-child\" data-id=\"01b2882\" data-element_type=\"container\">\n\t\t\t\t<div class=\"elementor-element elementor-element-89ce07a elementor-widget elementor-widget-image\" data-id=\"89ce07a\" data-element_type=\"widget\" data-widget_type=\"image.default\">\n\t\t\t\t<div class=\"elementor-widget-container\">\n\t\t\t\t\t\t\t\t\t\t\t\t\t\t\t<img fetchpriority=\"high\" decoding=\"async\" width=\"800\" height=\"600\" src=\"https:\/\/anabelmuebles.com\/wp-content\/uploads\/2024\/10\/sofa-chaiselongue-oporto-deslizante-patas-madera-1024x768.jpg\" class=\"attachment-large size-large wp-image-10916\" alt=\"Comprar sof\u00e1 chaiselongue en Asturias\" srcset=\"https:\/\/anabelmuebles.com\/wp-content\/uploads\/2024\/10\/sofa-chaiselongue-oporto-deslizante-patas-madera-1024x768.jpg 1024w, https:\/\/anabelmuebles.com\/wp-content\/uploads\/2024\/10\/sofa-chaiselongue-oporto-deslizante-patas-madera-300x225.jpg 300w, https:\/\/anabelmuebles.com\/wp-content\/uploads\/2024\/10\/sofa-chaiselongue-oporto-deslizante-patas-madera-768x576.jpg 768w, https:\/\/anabelmuebles.com\/wp-content\/uploads\/2024\/10\/sofa-chaiselongue-oporto-deslizante-patas-madera-600x450.jpg 600w, https:\/\/anabelmuebles.com\/wp-content\/uploads\/2024\/10\/sofa-chaiselongue-oporto-deslizante-patas-madera-64x48.jpg 64w, https:\/\/anabelmuebles.com\/wp-content\/uploads\/2024\/10\/sofa-chaiselongue-oporto-deslizante-patas-madera.jpg 1200w\" sizes=\"(max-width: 800px) 100vw, 800px\" \/>\t\t\t\t\t\t\t\t\t\t\t\t\t\t\t<\/div>\n\t\t\t\t<\/div>\n\t\t\t\t<\/div>\n\t\t\t\t\t<\/div>\n\t\t\t\t<\/div>\n\t\t\t\t<section class=\"elementor-section elementor-top-section elementor-element elementor-element-2287dc3e elementor-section-boxed elementor-section-height-default elementor-section-height-default\" data-id=\"2287dc3e\" data-element_type=\"section\" data-settings=\"{&quot;background_background&quot;:&quot;classic&quot;}\">\n\t\t\t\t\t\t\t<div class=\"elementor-background-overlay\"><\/div>\n\t\t\t\t\t\t\t<div class=\"elementor-container elementor-column-gap-default\">\n\t\t\t\t\t<div class=\"elementor-column elementor-col-100 elementor-top-column elementor-element elementor-element-1587219d elementor-invisible\" data-id=\"1587219d\" data-element_type=\"column\" data-settings=\"{&quot;animation&quot;:&quot;bounceInRight&quot;}\">\n\t\t\t<div class=\"elementor-widget-wrap elementor-element-populated\">\n\t\t\t\t\t\t<div class=\"elementor-element elementor-element-32848f17 elementor-widget__width-initial elementor-widget elementor-widget-heading\" data-id=\"32848f17\" data-element_type=\"widget\" data-widget_type=\"heading.default\">\n\t\t\t\t<div class=\"elementor-widget-container\">\n\t\t\t\t\t<h2 class=\"elementor-heading-title elementor-size-default\">An\u00edmate a comprar sof\u00e1 chaiselongue en Teruel \u00a1La mejor oferta! Precio bajo y env\u00edo a tu puerta<\/h2>\t\t\t\t<\/div>\n\t\t\t\t<\/div>\n\t\t\t\t<div class=\"elementor-element elementor-element-2ee0a389 elementor-widget elementor-widget-text-editor\" data-id=\"2ee0a389\" data-element_type=\"widget\" data-widget_type=\"text-editor.default\">\n\t\t\t\t<div class=\"elementor-widget-container\">\n\t\t\t\t\t\t\t\t\t<p>Comprar un sof\u00e1 chaiselongue\u00a0 es una decisi\u00f3n importante que puede transformar la sala de tu hogar. Te ofrecemos una amplia gama de estilos para que elijas tu preferido. Hacemos el env\u00edo a cualquier parte de Espa\u00f1a y cada compra superior a 199\u20ac incluye env\u00edo gratuito \u00a1Aprovecha!<\/p>\t\t\t\t\t\t\t\t<\/div>\n\t\t\t\t<\/div>\n\t\t\t\t\t<\/div>\n\t\t<\/div>\n\t\t\t\t\t<\/div>\n\t\t<\/section>\n\t\t\t\t<main class=\"elementor-section elementor-top-section elementor-element elementor-element-a784fac elementor-section-boxed elementor-section-height-default elementor-section-height-default\" data-id=\"a784fac\" data-element_type=\"section\">\n\t\t\t\t\t\t<div class=\"elementor-container elementor-column-gap-default\">\n\t\t\t\t\t<div class=\"elementor-column elementor-col-33 elementor-top-column elementor-element elementor-element-265a37fe elementor-invisible\" data-id=\"265a37fe\" data-element_type=\"column\" data-settings=\"{&quot;animation&quot;:&quot;fadeInLeft&quot;}\">\n\t\t\t<div class=\"elementor-widget-wrap elementor-element-populated\">\n\t\t\t\t\t\t<div class=\"elementor-element elementor-element-18d07654 elementor-widget elementor-widget-heading\" data-id=\"18d07654\" data-element_type=\"widget\" data-widget_type=\"heading.default\">\n\t\t\t\t<div class=\"elementor-widget-container\">\n\t\t\t\t\t<div class=\"elementor-heading-title elementor-size-default\">Preguntas Frecuentes para tu pedido en nosotros tu sof\u00e1 chaiselongue en Teruel<\/div>\t\t\t\t<\/div>\n\t\t\t\t<\/div>\n\t\t\t\t<div class=\"elementor-element elementor-element-613947c5 elementor-widget__width-initial elementor-widget elementor-widget-heading\" data-id=\"613947c5\" data-element_type=\"widget\" data-widget_type=\"heading.default\">\n\t\t\t\t<div class=\"elementor-widget-container\">\n\t\t\t\t\t<h2 class=\"elementor-heading-title elementor-size-default\">Preguntas frecuentes al comprar sof\u00e1 chaiselongue en Teruel<\/h2>\t\t\t\t<\/div>\n\t\t\t\t<\/div>\n\t\t\t\t<div class=\"elementor-element elementor-element-7f6a72d7 elementor-widget elementor-widget-text-editor\" data-id=\"7f6a72d7\" data-element_type=\"widget\" data-widget_type=\"text-editor.default\">\n\t\t\t\t<div class=\"elementor-widget-container\">\n\t\t\t\t\t\t\t\t\t<p>Resolvemos algunas de las preguntas m\u00e1s frecuentes a la hora de comprar sof\u00e1 chaiselongue en Teruel con nuestra p\u00e1gina web.\u00a0<\/p>\t\t\t\t\t\t\t\t<\/div>\n\t\t\t\t<\/div>\n\t\t\t\t\t<\/div>\n\t\t<\/div>\n\t\t\t\t<header class=\"elementor-column elementor-col-66 elementor-top-column elementor-element elementor-element-3e15e800 elementor-invisible\" data-id=\"3e15e800\" data-element_type=\"column\" data-settings=\"{&quot;animation&quot;:&quot;fadeInRight&quot;}\">\n\t\t\t<div class=\"elementor-widget-wrap elementor-element-populated\">\n\t\t\t\t\t\t<div class=\"elementor-element elementor-element-16e327f2 elementor-widget elementor-widget-elementskit-faq\" data-id=\"16e327f2\" data-element_type=\"widget\" data-widget_type=\"elementskit-faq.default\">\n\t\t\t\t<div class=\"elementor-widget-container\">\n\t\t\t\t\t<div class=\"ekit-wid-con\" >\n                <div class=\"elementskit-single-faq elementor-repeater-item-8110ce7\">\n            <div class=\"elementskit-faq-header\">\n                <h2 class=\"elementskit-faq-title\">\u00bfSi quiero comprar sof\u00e1 chaiselongue en Teruel puedo pagar a plazos?<\/h2>\n            <\/div>\n            <div class=\"elementskit-faq-body\">\n                S\u00ed. \u00c9s un proc\u00e9s molt senzill, a trav\u00e9s del nostre col\u00b7laborador Sequra. Nom\u00e9s haur\u00e0s de seleccionar tots els sof\u00e0s que vulguis i despr\u00e9s seleccionar el m\u00e8tode de pagament a terminis amb Sequra. Nosaltres assumim els interessos en compres ajornades en 3 i 6 mesos. Per a compres ajornades en 12 mesos \u00e9s el client qui assumeix les comissions.            <\/div>\n        <\/div>\n                <div class=\"elementskit-single-faq elementor-repeater-item-5d42a4b\">\n            <div class=\"elementskit-faq-header\">\n                <h2 class=\"elementskit-faq-title\">\u00bfCu\u00e1nto tiempo tarda el env\u00edo luego de comprar sof\u00e1 chaiselongue en Teruel?<\/h2>\n            <\/div>\n            <div class=\"elementskit-faq-body\">\n                Una vez efectuada la compra el tiempo de envio varia de acuerdo al producto. Por lo general, se  tarda entre 24-48h a m\u00e1ximo 5 d\u00edas h\u00e1biles. Trabajamos con nuestra propia log\u00edstica para vender sof\u00e1 chaiselongue en Teruel pero no en todos nuestros productos. Algunos de ellos cuentan con la log\u00edstica de furniturelogis.es            <\/div>\n        <\/div>\n                <div class=\"elementskit-single-faq elementor-repeater-item-2d6cb5e\">\n            <div class=\"elementskit-faq-header\">\n                <h2 class=\"elementskit-faq-title\">\u00bfQu\u00e9 tipo de garant\u00eda ofrecen al comprar sof\u00e1 chaiselongue en Teruel?<\/h2>\n            <\/div>\n            <div class=\"elementskit-faq-body\">\n                Tots els nostres productes tenen una garantia de f\u00e0brica contra defectes de fabricaci\u00f3. En cas de qualsevol problema, pots contactar amb el nostre servei d&#039;atenci\u00f3 al client per gestionar la reparaci\u00f3 o el reempla\u00e7ament. Estarem encantats de resoldre l\u00b4inconvenient.            <\/div>\n        <\/div>\n                <div class=\"elementskit-single-faq elementor-repeater-item-b0be8ea\">\n            <div class=\"elementskit-faq-header\">\n                <h2 class=\"elementskit-faq-title\">\u00bfQu\u00e9 m\u00e9todos de pago aceptan para comprar sof\u00e1 chaiselongue en Teruel?<\/h2>\n            <\/div>\n            <div class=\"elementskit-faq-body\">\n                Acceptem Bizum, transfer\u00e8ncia banc\u00e0ria, targeta de cr\u00e8dit o d\u00e8bit, Google Pay i Apple Pay a m\u00e9s del nostre m\u00e8tode de pagament fraccionat amb seQura            <\/div>\n        <\/div>\n                <div class=\"elementskit-single-faq elementor-repeater-item-91b24d7\">\n            <div class=\"elementskit-faq-header\">\n                <h2 class=\"elementskit-faq-title\">\u00bfOfrecen env\u00edo gratuito al comprar sof\u00e1 chaiselongue en Teruel?<\/h2>\n            <\/div>\n            <div class=\"elementskit-faq-body\">\n                A partir de compras superiores a 199\u20ac tus muebles no tendr\u00e1n gastos asociados con el env\u00edo a  Teruel.            <\/div>\n        <\/div>\n                \n    <\/div>\t\t\t\t<\/div>\n\t\t\t\t<\/div>\n\t\t\t\t\t<\/div>\n\t\t<\/header>\n\t\t\t\t\t<\/div>\n\t\t<\/main>\n\t\t\t\t<\/div>","protected":false},"excerpt":{"rendered":"<p>TERUEL Comprar sof\u00e1 chaiselongue en Teruel Al comprar sof\u00e1 chaiselongue en Teruel en nuestra tienda, te garantizamos comodidad y bienestar a tu medida https:\/\/anabelmuebles.com\/wp-content\/uploads\/2024\/10\/Sofa-Chaise-Logue.mp4 Comprar sof\u00e1 chaiselongue en Teruel: elige el material de tu preferencia Sof\u00e1 Chaise Longue Deluxe Sof\u00e1 Chaise Longue Deluxe con respaldos reclinables, asientos deslizantes, estructura&#8230; &euro;750.00 Seleccionar opciones Este producto tiene [&hellip;]<\/p>\n","protected":false},"author":9,"featured_media":0,"parent":0,"menu_order":0,"comment_status":"closed","ping_status":"closed","template":"elementor_header_footer","meta":{"_acf_changed":false,"footnotes":""},"class_list":["post-11591","page","type-page","status-publish","hentry"],"acf":[],"_links":{"self":[{"href":"https:\/\/anabelmuebles.com\/ca\/wp-json\/wp\/v2\/pages\/11591","targetHints":{"allow":["GET"]}}],"collection":[{"href":"https:\/\/anabelmuebles.com\/ca\/wp-json\/wp\/v2\/pages"}],"about":[{"href":"https:\/\/anabelmuebles.com\/ca\/wp-json\/wp\/v2\/types\/page"}],"author":[{"embeddable":true,"href":"https:\/\/anabelmuebles.com\/ca\/wp-json\/wp\/v2\/users\/9"}],"replies":[{"embeddable":true,"href":"https:\/\/anabelmuebles.com\/ca\/wp-json\/wp\/v2\/comments?post=11591"}],"version-history":[{"count":0,"href":"https:\/\/anabelmuebles.com\/ca\/wp-json\/wp\/v2\/pages\/11591\/revisions"}],"wp:attachment":[{"href":"https:\/\/anabelmuebles.com\/ca\/wp-json\/wp\/v2\/media?parent=11591"}],"curies":[{"name":"wp","href":"https:\/\/api.w.org\/{rel}","templated":true}]}}