{"id":11558,"date":"2024-11-01T16:45:07","date_gmt":"2024-11-01T16:45:07","guid":{"rendered":"https:\/\/anabelmuebles.com\/?page_id=11558"},"modified":"2025-01-30T16:08:46","modified_gmt":"2025-01-30T16:08:46","slug":"comprar-sofa-chaiselongue-en-segovia","status":"publish","type":"page","link":"https:\/\/anabelmuebles.com\/ca\/comprar-sofa-chaiselongue-en-segovia\/","title":{"rendered":"Comprar sof\u00e1 chaiselongue en Segovia"},"content":{"rendered":"<div data-elementor-type=\"wp-page\" data-elementor-id=\"11558\" class=\"elementor elementor-11558\" data-elementor-post-type=\"page\">\n\t\t\t\t\t\t<section class=\"elementor-section elementor-top-section elementor-element elementor-element-a18e926 elementor-section-boxed elementor-section-height-default elementor-section-height-default\" data-id=\"a18e926\" data-element_type=\"section\" data-settings=\"{&quot;background_background&quot;:&quot;classic&quot;}\">\n\t\t\t\t\t\t\t<div class=\"elementor-background-overlay\"><\/div>\n\t\t\t\t\t\t\t<div class=\"elementor-container elementor-column-gap-default\">\n\t\t\t\t\t<div class=\"elementor-column elementor-col-50 elementor-top-column elementor-element elementor-element-2274e5d6\" data-id=\"2274e5d6\" data-element_type=\"column\" data-settings=\"{&quot;background_background&quot;:&quot;classic&quot;}\">\n\t\t\t<div class=\"elementor-widget-wrap elementor-element-populated\">\n\t\t\t\t\t\t<div class=\"elementor-element elementor-element-c1549f2 elementor-absolute elementor-invisible elementor-widget elementor-widget-heading\" data-id=\"c1549f2\" data-element_type=\"widget\" data-settings=\"{&quot;_position&quot;:&quot;absolute&quot;,&quot;_animation&quot;:&quot;fadeInUp&quot;}\" data-widget_type=\"heading.default\">\n\t\t\t\t<div class=\"elementor-widget-container\">\n\t\t\t\t\t<div class=\"elementor-heading-title elementor-size-default\">SEGOVIA <\/div>\t\t\t\t<\/div>\n\t\t\t\t<\/div>\n\t\t\t\t<section class=\"elementor-section elementor-inner-section elementor-element elementor-element-4f316251 elementor-section-boxed elementor-section-height-default elementor-section-height-default\" data-id=\"4f316251\" data-element_type=\"section\">\n\t\t\t\t\t\t<div class=\"elementor-container elementor-column-gap-default\">\n\t\t\t\t\t<div class=\"elementor-column elementor-col-100 elementor-inner-column elementor-element elementor-element-46c0333\" data-id=\"46c0333\" data-element_type=\"column\">\n\t\t\t<div class=\"elementor-widget-wrap elementor-element-populated\">\n\t\t\t\t\t\t<div class=\"elementor-element elementor-element-49cebccc elementor-invisible elementor-widget elementor-widget-heading\" data-id=\"49cebccc\" data-element_type=\"widget\" data-settings=\"{&quot;_animation&quot;:&quot;fadeInLeft&quot;}\" data-widget_type=\"heading.default\">\n\t\t\t\t<div class=\"elementor-widget-container\">\n\t\t\t\t\t<h1 class=\"elementor-heading-title elementor-size-default\">Comprar sof\u00e1 chaiselongue en Segovia<\/h1>\t\t\t\t<\/div>\n\t\t\t\t<\/div>\n\t\t\t\t<div class=\"elementor-element elementor-element-1c901ff1 elementor-invisible elementor-widget elementor-widget-heading\" data-id=\"1c901ff1\" data-element_type=\"widget\" data-settings=\"{&quot;_animation&quot;:&quot;fadeInRight&quot;}\" data-widget_type=\"heading.default\">\n\t\t\t\t<div class=\"elementor-widget-container\">\n\t\t\t\t\t<h2 class=\"elementor-heading-title elementor-size-default\">Comprar sof\u00e1 chaiselongue en Segovia: materiales y acabados de alta calidad<\/h2>\t\t\t\t<\/div>\n\t\t\t\t<\/div>\n\t\t\t\t\t<\/div>\n\t\t<\/div>\n\t\t\t\t\t<\/div>\n\t\t<\/section>\n\t\t\t\t\t<\/div>\n\t\t<\/div>\n\t\t\t\t<div class=\"elementor-column elementor-col-50 elementor-top-column elementor-element elementor-element-c7501c2\" data-id=\"c7501c2\" data-element_type=\"column\" data-settings=\"{&quot;background_background&quot;:&quot;classic&quot;}\">\n\t\t\t<div class=\"elementor-widget-wrap elementor-element-populated\">\n\t\t\t\t\t\t<div class=\"elementor-element elementor-element-d177b25 elementor-widget__width-initial elementor-widget elementor-widget-video\" data-id=\"d177b25\" data-element_type=\"widget\" data-settings=\"{&quot;video_type&quot;:&quot;hosted&quot;,&quot;controls&quot;:&quot;yes&quot;}\" data-widget_type=\"video.default\">\n\t\t\t\t<div class=\"elementor-widget-container\">\n\t\t\t\t\t\t\t<div class=\"e-hosted-video elementor-wrapper elementor-open-inline\">\n\t\t\t\t\t<video class=\"elementor-video\" src=\"https:\/\/anabelmuebles.com\/wp-content\/uploads\/2024\/10\/Sofa-Chaise-Logue.mp4\" controls=\"\" preload=\"metadata\" controlslist=\"nodownload\"><\/video>\n\t\t\t\t<\/div>\n\t\t\t\t\t\t<\/div>\n\t\t\t\t<\/div>\n\t\t\t\t\t<\/div>\n\t\t<\/div>\n\t\t\t\t\t<\/div>\n\t\t<\/section>\n\t\t<div class=\"elementor-element elementor-element-6d658ed e-flex e-con-boxed e-con e-parent\" data-id=\"6d658ed\" data-element_type=\"container\">\n\t\t\t\t\t<div class=\"e-con-inner\">\n\t\t\t\t<div class=\"elementor-element elementor-element-284397e elementor-widget elementor-widget-heading\" data-id=\"284397e\" data-element_type=\"widget\" data-widget_type=\"heading.default\">\n\t\t\t\t<div class=\"elementor-widget-container\">\n\t\t\t\t\t<h2 class=\"elementor-heading-title elementor-size-default\">Comprar sof\u00e1 chaiselongue en Segovia: un sof\u00e1 para cada estilo<\/h2>\t\t\t\t<\/div>\n\t\t\t\t<\/div>\n\t\t\t\t\t<\/div>\n\t\t\t\t<\/div>\n\t\t<div class=\"elementor-element elementor-element-0536b83 e-flex e-con-boxed e-con e-parent\" data-id=\"0536b83\" data-element_type=\"container\">\n\t\t\t\t\t<div class=\"e-con-inner\">\n\t\t<div class=\"elementor-element elementor-element-9ef90f7 e-con-full e-flex e-con e-child\" data-id=\"9ef90f7\" data-element_type=\"container\">\n\t\t\t\t<div class=\"elementor-element elementor-element-da6ed16 elementor-widget__width-initial elementor-widget elementor-widget-heading\" data-id=\"da6ed16\" data-element_type=\"widget\" data-widget_type=\"heading.default\">\n\t\t\t\t<div class=\"elementor-widget-container\">\n\t\t\t\t\t<h2 class=\"elementor-heading-title elementor-size-default\">Seremos tus gu\u00edas al comprar sof\u00e1 chaiselongue en Segovia<\/h2>\t\t\t\t<\/div>\n\t\t\t\t<\/div>\n\t\t\t\t<div class=\"elementor-element elementor-element-f87d718 elementor-widget elementor-widget-text-editor\" data-id=\"f87d718\" data-element_type=\"widget\" data-widget_type=\"text-editor.default\">\n\t\t\t\t<div class=\"elementor-widget-container\">\n\t\t\t\t\t\t\t\t\t<p><span style=\"background-color: transparent;\"><span style=\"font-family: var( --e-global-typography-b2ce6af-font-family ), Sans-serif;\">Te ofrecemos consejos especializados que te ayudar\u00e1n a seleccionar el sof\u00e1 chaiselongue perfecto. Contamos con un equipo de expertos que te orientar\u00e1 en cada detalle, desde el tipo de tapizado hasta el color ideal para ti. Cont\u00e1ctanos a nuestro correo de soporte o Whatsapp, y estaremos encantados de asesorarte.<\/span><\/span><\/p>\t\t\t\t\t\t\t\t<\/div>\n\t\t\t\t<\/div>\n\t\t\t\t<div class=\"elementor-element elementor-element-f9d95c2 elementor-widget elementor-widget-button\" data-id=\"f9d95c2\" data-element_type=\"widget\" data-widget_type=\"button.default\">\n\t\t\t\t<div class=\"elementor-widget-container\">\n\t\t\t\t\t\t\t\t\t<div class=\"elementor-button-wrapper\">\n\t\t\t\t\t<a class=\"elementor-button elementor-button-link elementor-size-sm\" href=\"https:\/\/wa.link\/zjwwy4\" target=\"_blank\" rel=\"noopener\">\n\t\t\t\t\t\t<span class=\"elementor-button-content-wrapper\">\n\t\t\t\t\t\t\t\t\t<span class=\"elementor-button-text\">Asesoramiento <\/span>\n\t\t\t\t\t<\/span>\n\t\t\t\t\t<\/a>\n\t\t\t\t<\/div>\n\t\t\t\t\t\t\t\t<\/div>\n\t\t\t\t<\/div>\n\t\t\t\t<\/div>\n\t\t<div class=\"elementor-element elementor-element-01b2882 e-con-full e-flex e-con e-child\" data-id=\"01b2882\" data-element_type=\"container\">\n\t\t\t\t<div class=\"elementor-element elementor-element-89ce07a elementor-widget elementor-widget-image\" data-id=\"89ce07a\" data-element_type=\"widget\" data-widget_type=\"image.default\">\n\t\t\t\t<div class=\"elementor-widget-container\">\n\t\t\t\t\t\t\t\t\t\t\t\t\t\t\t<img fetchpriority=\"high\" decoding=\"async\" width=\"800\" height=\"600\" src=\"https:\/\/anabelmuebles.com\/wp-content\/uploads\/2024\/10\/sofachaiselongue-1024x768.jpg\" class=\"attachment-large size-large wp-image-10785\" alt=\"Sof\u00e1s grandes y c\u00f3modos\" srcset=\"https:\/\/anabelmuebles.com\/wp-content\/uploads\/2024\/10\/sofachaiselongue-1024x768.jpg 1024w, https:\/\/anabelmuebles.com\/wp-content\/uploads\/2024\/10\/sofachaiselongue-300x225.jpg 300w, https:\/\/anabelmuebles.com\/wp-content\/uploads\/2024\/10\/sofachaiselongue-768x576.jpg 768w, https:\/\/anabelmuebles.com\/wp-content\/uploads\/2024\/10\/sofachaiselongue-600x450.jpg 600w, https:\/\/anabelmuebles.com\/wp-content\/uploads\/2024\/10\/sofachaiselongue-64x48.jpg 64w, https:\/\/anabelmuebles.com\/wp-content\/uploads\/2024\/10\/sofachaiselongue.jpg 1200w\" sizes=\"(max-width: 800px) 100vw, 800px\" \/>\t\t\t\t\t\t\t\t\t\t\t\t\t\t\t<\/div>\n\t\t\t\t<\/div>\n\t\t\t\t<\/div>\n\t\t\t\t\t<\/div>\n\t\t\t\t<\/div>\n\t\t\t\t<section class=\"elementor-section elementor-top-section elementor-element elementor-element-2287dc3e elementor-section-boxed elementor-section-height-default elementor-section-height-default\" data-id=\"2287dc3e\" data-element_type=\"section\" data-settings=\"{&quot;background_background&quot;:&quot;classic&quot;}\">\n\t\t\t\t\t\t\t<div class=\"elementor-background-overlay\"><\/div>\n\t\t\t\t\t\t\t<div class=\"elementor-container elementor-column-gap-default\">\n\t\t\t\t\t<div class=\"elementor-column elementor-col-100 elementor-top-column elementor-element elementor-element-1587219d elementor-invisible\" data-id=\"1587219d\" data-element_type=\"column\" data-settings=\"{&quot;animation&quot;:&quot;bounceInRight&quot;}\">\n\t\t\t<div class=\"elementor-widget-wrap elementor-element-populated\">\n\t\t\t\t\t\t<div class=\"elementor-element elementor-element-32848f17 elementor-widget__width-initial elementor-widget elementor-widget-heading\" data-id=\"32848f17\" data-element_type=\"widget\" data-widget_type=\"heading.default\">\n\t\t\t\t<div class=\"elementor-widget-container\">\n\t\t\t\t\t<h2 class=\"elementor-heading-title elementor-size-default\">Comprar sof\u00e1 chaiselongue en Segovia: \u00a1Compra y disfruta! El env\u00edo va por nuestra cuenta<\/h2>\t\t\t\t<\/div>\n\t\t\t\t<\/div>\n\t\t\t\t<div class=\"elementor-element elementor-element-2ee0a389 elementor-widget elementor-widget-text-editor\" data-id=\"2ee0a389\" data-element_type=\"widget\" data-widget_type=\"text-editor.default\">\n\t\t\t\t<div class=\"elementor-widget-container\">\n\t\t\t\t\t\t\t\t\t<p>Para quienes buscan comodidad y estilo, nuestra tienda ofrece una gu\u00eda completa para elegir el sof\u00e1 chaiselongue perfecto. Cada compra superior a 199\u20ac incluye env\u00edo gratuito, lo que nos convierte en la opci\u00f3n perfecta para quienes buscan calidad, comodidad y facilidad en el proceso de compra.<\/p>\t\t\t\t\t\t\t\t<\/div>\n\t\t\t\t<\/div>\n\t\t\t\t\t<\/div>\n\t\t<\/div>\n\t\t\t\t\t<\/div>\n\t\t<\/section>\n\t\t\t\t<main class=\"elementor-section elementor-top-section elementor-element elementor-element-a784fac elementor-section-boxed elementor-section-height-default elementor-section-height-default\" data-id=\"a784fac\" data-element_type=\"section\">\n\t\t\t\t\t\t<div class=\"elementor-container elementor-column-gap-default\">\n\t\t\t\t\t<div class=\"elementor-column elementor-col-33 elementor-top-column elementor-element elementor-element-265a37fe elementor-invisible\" data-id=\"265a37fe\" data-element_type=\"column\" data-settings=\"{&quot;animation&quot;:&quot;fadeInLeft&quot;}\">\n\t\t\t<div class=\"elementor-widget-wrap elementor-element-populated\">\n\t\t\t\t\t\t<div class=\"elementor-element elementor-element-18d07654 elementor-widget elementor-widget-heading\" data-id=\"18d07654\" data-element_type=\"widget\" data-widget_type=\"heading.default\">\n\t\t\t\t<div class=\"elementor-widget-container\">\n\t\t\t\t\t<div class=\"elementor-heading-title elementor-size-default\">Preguntas Frecuentes para tu pedido en nosotros tu sof\u00e1 chaiselongue en Segovia<\/div>\t\t\t\t<\/div>\n\t\t\t\t<\/div>\n\t\t\t\t<div class=\"elementor-element elementor-element-613947c5 elementor-widget__width-initial elementor-widget elementor-widget-heading\" data-id=\"613947c5\" data-element_type=\"widget\" data-widget_type=\"heading.default\">\n\t\t\t\t<div class=\"elementor-widget-container\">\n\t\t\t\t\t<h2 class=\"elementor-heading-title elementor-size-default\">Preguntas frecuentes al comprar sof\u00e1 chaiselongue en Segovia<\/h2>\t\t\t\t<\/div>\n\t\t\t\t<\/div>\n\t\t\t\t<div class=\"elementor-element elementor-element-7f6a72d7 elementor-widget elementor-widget-text-editor\" data-id=\"7f6a72d7\" data-element_type=\"widget\" data-widget_type=\"text-editor.default\">\n\t\t\t\t<div class=\"elementor-widget-container\">\n\t\t\t\t\t\t\t\t\t<p>Resolvemos algunas de las preguntas m\u00e1s frecuentes a la hora de comprar sof\u00e1 chaiselongue en Segovia con nuestra p\u00e1gina web.\u00a0<\/p>\t\t\t\t\t\t\t\t<\/div>\n\t\t\t\t<\/div>\n\t\t\t\t\t<\/div>\n\t\t<\/div>\n\t\t\t\t<header class=\"elementor-column elementor-col-66 elementor-top-column elementor-element elementor-element-3e15e800 elementor-invisible\" data-id=\"3e15e800\" data-element_type=\"column\" data-settings=\"{&quot;animation&quot;:&quot;fadeInRight&quot;}\">\n\t\t\t<div class=\"elementor-widget-wrap elementor-element-populated\">\n\t\t\t\t\t\t<div class=\"elementor-element elementor-element-16e327f2 elementor-widget elementor-widget-elementskit-faq\" data-id=\"16e327f2\" data-element_type=\"widget\" data-widget_type=\"elementskit-faq.default\">\n\t\t\t\t<div class=\"elementor-widget-container\">\n\t\t\t\t\t<div class=\"ekit-wid-con\" >\n                <div class=\"elementskit-single-faq elementor-repeater-item-8110ce7\">\n            <div class=\"elementskit-faq-header\">\n                <h2 class=\"elementskit-faq-title\">\u00bfSi quiero comprar sof\u00e1 chaiselongue en Segovia puedo pagar a plazos?<\/h2>\n            <\/div>\n            <div class=\"elementskit-faq-body\">\n                Si. Es un proceso muy sencillo, a trav\u00e9s de nuestro colaborador Sequra. Solo tendr\u00e1s que seleccionar todos los sof\u00e1s que desees y despu\u00e9s seleccionar el m\u00e9todo de pago a plazos con Sequra. Nosotros asumimos los intereses en compras aplazadas en 3 y 6 meses. Para compras aplazadas en 12 meses es el cliente quien asume las comisiones.            <\/div>\n        <\/div>\n                <div class=\"elementskit-single-faq elementor-repeater-item-5d42a4b\">\n            <div class=\"elementskit-faq-header\">\n                <h2 class=\"elementskit-faq-title\">\u00bfCu\u00e1nto tiempo tarda el env\u00edo luego de comprar sof\u00e1 chaiselongue en Segovia?<\/h2>\n            <\/div>\n            <div class=\"elementskit-faq-body\">\n                Una vez efectuada la compra el tiempo de envio varia de acuerdo al producto. Por lo general, se  tarda entre 24-48h a m\u00e1ximo 5 d\u00edas h\u00e1biles. Trabajamos con nuestra propia log\u00edstica para vender sof\u00e1 chaiselongue en Segovia pero no en todos nuestros productos. Algunos de ellos cuentan con la log\u00edstica de furniturelogis.es            <\/div>\n        <\/div>\n                <div class=\"elementskit-single-faq elementor-repeater-item-2d6cb5e\">\n            <div class=\"elementskit-faq-header\">\n                <h2 class=\"elementskit-faq-title\">\u00bfQu\u00e9 tipo de garant\u00eda ofrecen al comprar sof\u00e1 chaiselongue en Segovia?<\/h2>\n            <\/div>\n            <div class=\"elementskit-faq-body\">\n                Todos nuestros productos cuentan con una garant\u00eda de f\u00e1brica contra defectos de fabricaci\u00f3n. En caso de cualquier problema, puedes contactar con nuestro servicio de atenci\u00f3n al cliente para gestionar la reparaci\u00f3n o reemplazo. Estaremos encantados de resolver el inconveniente.            <\/div>\n        <\/div>\n                <div class=\"elementskit-single-faq elementor-repeater-item-b0be8ea\">\n            <div class=\"elementskit-faq-header\">\n                <h2 class=\"elementskit-faq-title\">\u00bfQu\u00e9 m\u00e9todos de pago aceptan para comprar sof\u00e1 chaiselongue en Segovia?<\/h2>\n            <\/div>\n            <div class=\"elementskit-faq-body\">\n                Aceptamos Bizum, transferencia bancaria,  tarjeta de cr\u00e9dito o d\u00e9bito, Google Pay y Apple Pay adem\u00e1s de nuestro m\u00e9todo de pago fraccionado con seQura            <\/div>\n        <\/div>\n                <div class=\"elementskit-single-faq elementor-repeater-item-91b24d7\">\n            <div class=\"elementskit-faq-header\">\n                <h2 class=\"elementskit-faq-title\">\u00bfOfrecen env\u00edo gratuito al comprar sof\u00e1 chaiselongue en Segovia?<\/h2>\n            <\/div>\n            <div class=\"elementskit-faq-body\">\n                A partir de compras superiores a 199\u20ac tus muebles no tendr\u00e1n gastos asociados con el env\u00edo a  Segovia.            <\/div>\n        <\/div>\n                \n    <\/div>\t\t\t\t<\/div>\n\t\t\t\t<\/div>\n\t\t\t\t\t<\/div>\n\t\t<\/header>\n\t\t\t\t\t<\/div>\n\t\t<\/main>\n\t\t\t\t<\/div>","protected":false},"excerpt":{"rendered":"<p>SEGOVIA Comprar sof\u00e1 chaiselongue en Segovia Comprar sof\u00e1 chaiselongue en Segovia: materiales y acabados de alta calidad https:\/\/anabelmuebles.com\/wp-content\/uploads\/2024\/10\/Sofa-Chaise-Logue.mp4 Comprar sof\u00e1 chaiselongue en Segovia: un sof\u00e1 para cada estilo Sof\u00e1 Chaise Longue Deluxe Sof\u00e1 Chaise Longue Deluxe con respaldos reclinables, asientos deslizantes, estructura&#8230; &euro;750.00 Seleccionar opciones Este producto tiene m\u00faltiples variantes. Las opciones se pueden elegir [&hellip;]<\/p>\n","protected":false},"author":9,"featured_media":0,"parent":0,"menu_order":0,"comment_status":"closed","ping_status":"closed","template":"elementor_header_footer","meta":{"_acf_changed":false,"footnotes":""},"class_list":["post-11558","page","type-page","status-publish","hentry"],"acf":[],"_links":{"self":[{"href":"https:\/\/anabelmuebles.com\/ca\/wp-json\/wp\/v2\/pages\/11558","targetHints":{"allow":["GET"]}}],"collection":[{"href":"https:\/\/anabelmuebles.com\/ca\/wp-json\/wp\/v2\/pages"}],"about":[{"href":"https:\/\/anabelmuebles.com\/ca\/wp-json\/wp\/v2\/types\/page"}],"author":[{"embeddable":true,"href":"https:\/\/anabelmuebles.com\/ca\/wp-json\/wp\/v2\/users\/9"}],"replies":[{"embeddable":true,"href":"https:\/\/anabelmuebles.com\/ca\/wp-json\/wp\/v2\/comments?post=11558"}],"version-history":[{"count":0,"href":"https:\/\/anabelmuebles.com\/ca\/wp-json\/wp\/v2\/pages\/11558\/revisions"}],"wp:attachment":[{"href":"https:\/\/anabelmuebles.com\/ca\/wp-json\/wp\/v2\/media?parent=11558"}],"curies":[{"name":"wp","href":"https:\/\/api.w.org\/{rel}","templated":true}]}}